{"id":213,"date":"2020-11-15T15:40:13","date_gmt":"2020-11-15T14:40:13","guid":{"rendered":"http:\/\/bth-artiste.com\/?page_id=213"},"modified":"2021-04-16T12:35:03","modified_gmt":"2021-04-16T10:35:03","slug":"serie-pop-art-sculpture","status":"publish","type":"page","link":"https:\/\/bth-artiste.com\/?page_id=213","title":{"rendered":"POP-ART \u00ab\u00a0SCULPTURE\u00a0\u00bb"},"content":{"rendered":"\n<p>La s\u00e9rie dite POP-ART \u00ab\u00a0Sculpture\u00a0\u00bb ironise sur un monde publicitaire qui n&rsquo;a plus  aucune limite. Il suffit qu\u2019un mouvement \u00e9merge ou qu\u2019une institution baisse sa garde, pour qu\u2019ils deviennent un support de communication au service de la consommation. Nous ne pouvons plus \u00e9chapper \u00e0 ces images qui envahissent notre espace et notre esprit, elles cr\u00e9ent nos d\u00e9sirs et finissent par d\u00e9finir ce que nous sommes\u2026<br>Avons nous encore le choix d\u2019\u00eatre autre chose ?<\/p>\n\n\n\n<hr class=\"wp-block-separator\"\/>\n\n\n\n<figure class=\"wp-block-image size-large is-resized\"><img loading=\"lazy\" src=\"http:\/\/bth-artiste.com\/wp-content\/uploads\/2020\/11\/PUB-003-768x1024.jpg\" alt=\"\" class=\"wp-image-170\" width=\"674\" height=\"898\" srcset=\"https:\/\/bth-artiste.com\/wp-content\/uploads\/2020\/11\/PUB-003-768x1024.jpg 768w, https:\/\/bth-artiste.com\/wp-content\/uploads\/2020\/11\/PUB-003-225x300.jpg 225w\" sizes=\"(max-width: 674px) 100vw, 674px\" \/><figcaption><strong>\u00ab\u00a0La pub nuit gravement \u00e0 la sant\u00e9 03\u00a0\u00bb<\/strong> vendu<\/figcaption><\/figure>\n\n\n\n<hr class=\"wp-block-separator\"\/>\n\n\n\n<figure class=\"wp-block-image size-large\"><img loading=\"lazy\" width=\"787\" height=\"1024\" src=\"http:\/\/bth-artiste.com\/wp-content\/uploads\/2020\/11\/la-pub-nuit-gravement-a\u0300-votre-sante\u0301-07-787x1024.jpg\" alt=\"\" class=\"wp-image-169\" srcset=\"https:\/\/bth-artiste.com\/wp-content\/uploads\/2020\/11\/la-pub-nuit-gravement-a\u0300-votre-sante\u0301-07-787x1024.jpg 787w, https:\/\/bth-artiste.com\/wp-content\/uploads\/2020\/11\/la-pub-nuit-gravement-a\u0300-votre-sante\u0301-07-231x300.jpg 231w, https:\/\/bth-artiste.com\/wp-content\/uploads\/2020\/11\/la-pub-nuit-gravement-a\u0300-votre-sante\u0301-07-768x999.jpg 768w\" sizes=\"(max-width: 767px) 89vw, (max-width: 1000px) 54vw, (max-width: 1071px) 543px, 580px\" \/><figcaption><strong>\u00ab\u00a0La pub nuit gravement \u00e0 la sant\u00e9 07\u00a0\u00bb<\/strong> <\/figcaption><\/figure>\n\n\n\n<hr class=\"wp-block-separator\"\/>\n\n\n\n<figure class=\"wp-block-image size-large\"><img loading=\"lazy\" width=\"768\" height=\"1024\" src=\"http:\/\/bth-artiste.com\/wp-content\/uploads\/2020\/11\/La-pub-nuit-gravement-a\u0300-la-sante\u0301-02-768x1024.jpg\" alt=\"\" class=\"wp-image-165\" srcset=\"https:\/\/bth-artiste.com\/wp-content\/uploads\/2020\/11\/La-pub-nuit-gravement-a\u0300-la-sante\u0301-02-768x1024.jpg 768w, https:\/\/bth-artiste.com\/wp-content\/uploads\/2020\/11\/La-pub-nuit-gravement-a\u0300-la-sante\u0301-02-225x300.jpg 225w\" sizes=\"(max-width: 767px) 89vw, (max-width: 1000px) 54vw, (max-width: 1071px) 543px, 580px\" \/><figcaption><strong>\u00ab\u00a0La pub nuit gravement \u00e0 la sant\u00e9 02\u00a0\u00bb<\/strong> <\/figcaption><\/figure>\n\n\n\n<hr class=\"wp-block-separator\"\/>\n\n\n\n<figure class=\"wp-block-image size-large\"><img loading=\"lazy\" width=\"768\" height=\"1024\" src=\"http:\/\/bth-artiste.com\/wp-content\/uploads\/2020\/11\/La-pub-nuit-gravement-a\u0300-la-sante\u0301-06-768x1024.jpg\" alt=\"\" class=\"wp-image-168\" srcset=\"https:\/\/bth-artiste.com\/wp-content\/uploads\/2020\/11\/La-pub-nuit-gravement-a\u0300-la-sante\u0301-06-768x1024.jpg 768w, https:\/\/bth-artiste.com\/wp-content\/uploads\/2020\/11\/La-pub-nuit-gravement-a\u0300-la-sante\u0301-06-225x300.jpg 225w\" sizes=\"(max-width: 767px) 89vw, (max-width: 1000px) 54vw, (max-width: 1071px) 543px, 580px\" \/><figcaption><strong>\u00ab\u00a0La pub nuit gravement \u00e0 la sant\u00e9 06\u00a0\u00bb<\/strong> <\/figcaption><\/figure>\n\n\n\n<hr class=\"wp-block-separator\"\/>\n\n\n\n<figure class=\"wp-block-image size-large\"><img loading=\"lazy\" width=\"768\" height=\"1024\" src=\"http:\/\/bth-artiste.com\/wp-content\/uploads\/2020\/11\/La-pub-nuit-gravement-a\u0300-la-sante\u0301-04-768x1024.jpg\" alt=\"\" class=\"wp-image-166\" srcset=\"https:\/\/bth-artiste.com\/wp-content\/uploads\/2020\/11\/La-pub-nuit-gravement-a\u0300-la-sante\u0301-04-768x1024.jpg 768w, https:\/\/bth-artiste.com\/wp-content\/uploads\/2020\/11\/La-pub-nuit-gravement-a\u0300-la-sante\u0301-04-225x300.jpg 225w\" sizes=\"(max-width: 767px) 89vw, (max-width: 1000px) 54vw, (max-width: 1071px) 543px, 580px\" \/><figcaption><strong>\u00ab\u00a0La pub nuit gravement \u00e0 la sant\u00e9 04\u00a0\u00bb<\/strong> <\/figcaption><\/figure>\n\n\n\n<hr class=\"wp-block-separator\"\/>\n\n\n\n<figure class=\"wp-block-image size-large\"><img loading=\"lazy\" width=\"791\" height=\"1024\" src=\"http:\/\/bth-artiste.com\/wp-content\/uploads\/2020\/11\/La-pub-nuit-gravement-a\u0300-la-sante\u0301-05-791x1024.jpg\" alt=\"\" class=\"wp-image-167\" srcset=\"https:\/\/bth-artiste.com\/wp-content\/uploads\/2020\/11\/La-pub-nuit-gravement-a\u0300-la-sante\u0301-05-791x1024.jpg 791w, https:\/\/bth-artiste.com\/wp-content\/uploads\/2020\/11\/La-pub-nuit-gravement-a\u0300-la-sante\u0301-05-232x300.jpg 232w, https:\/\/bth-artiste.com\/wp-content\/uploads\/2020\/11\/La-pub-nuit-gravement-a\u0300-la-sante\u0301-05-768x994.jpg 768w\" sizes=\"(max-width: 767px) 89vw, (max-width: 1000px) 54vw, (max-width: 1071px) 543px, 580px\" \/><figcaption><strong>\u00ab\u00a0La pub nuit gravement \u00e0 la sant\u00e9 05\u00a0\u00bb<\/strong> <\/figcaption><\/figure>\n\n\n\n<hr class=\"wp-block-separator\"\/>\n\n\n\n<figure class=\"wp-block-image size-large\"><img loading=\"lazy\" width=\"768\" height=\"1024\" src=\"http:\/\/bth-artiste.com\/wp-content\/uploads\/2020\/11\/La-pub-nuit-gravement-a\u0300-la-sante\u0301-01-768x1024.jpg\" alt=\"\" class=\"wp-image-164\" srcset=\"https:\/\/bth-artiste.com\/wp-content\/uploads\/2020\/11\/La-pub-nuit-gravement-a\u0300-la-sante\u0301-01-768x1024.jpg 768w, https:\/\/bth-artiste.com\/wp-content\/uploads\/2020\/11\/La-pub-nuit-gravement-a\u0300-la-sante\u0301-01-225x300.jpg 225w\" sizes=\"(max-width: 767px) 89vw, (max-width: 1000px) 54vw, (max-width: 1071px) 543px, 580px\" \/><figcaption><strong>\u00ab\u00a0La pub nuit gravement \u00e0 la sant\u00e9 01\u00a0\u00bb<\/strong> <\/figcaption><\/figure>\n\n\n\n<hr class=\"wp-block-separator\"\/>\n\n\n\n<figure class=\"wp-block-image size-large\"><img loading=\"lazy\" width=\"955\" height=\"1024\" src=\"http:\/\/bth-artiste.com\/wp-content\/uploads\/2020\/12\/la-pub-nuit-gravement-a\u0300-votre-sante\u0301-08-955x1024.jpg\" alt=\"\" class=\"wp-image-318\" srcset=\"https:\/\/bth-artiste.com\/wp-content\/uploads\/2020\/12\/la-pub-nuit-gravement-a\u0300-votre-sante\u0301-08-955x1024.jpg 955w, https:\/\/bth-artiste.com\/wp-content\/uploads\/2020\/12\/la-pub-nuit-gravement-a\u0300-votre-sante\u0301-08-280x300.jpg 280w, https:\/\/bth-artiste.com\/wp-content\/uploads\/2020\/12\/la-pub-nuit-gravement-a\u0300-votre-sante\u0301-08-768x824.jpg 768w, https:\/\/bth-artiste.com\/wp-content\/uploads\/2020\/12\/la-pub-nuit-gravement-a\u0300-votre-sante\u0301-08-1432x1536.jpg 1432w, https:\/\/bth-artiste.com\/wp-content\/uploads\/2020\/12\/la-pub-nuit-gravement-a\u0300-votre-sante\u0301-08-1909x2048.jpg 1909w\" sizes=\"(max-width: 767px) 89vw, (max-width: 1000px) 54vw, (max-width: 1071px) 543px, 580px\" \/><figcaption><strong>\u00ab\u00a0La pub nuit gravement \u00e0 la sant\u00e9 09\u00a0\u00bb<\/strong> <\/figcaption><\/figure>\n\n\n\n<p><\/p>\n","protected":false},"excerpt":{"rendered":"<p>La s\u00e9rie dite POP-ART \u00ab\u00a0Sculpture\u00a0\u00bb ironise sur un monde publicitaire qui n&rsquo;a plus aucune limite. Il suffit qu\u2019un mouvement \u00e9merge ou qu\u2019une institution baisse sa garde, pour qu\u2019ils deviennent un support de communication au service de la consommation. Nous ne pouvons plus \u00e9chapper \u00e0 ces images qui envahissent notre espace et notre esprit, elles cr\u00e9ent &hellip; <\/p>\n<p class=\"link-more\"><a href=\"https:\/\/bth-artiste.com\/?page_id=213\" class=\"more-link\">Continuer la lecture<span class=\"screen-reader-text\"> de &laquo;&nbsp;POP-ART \u00ab\u00a0SCULPTURE\u00a0\u00bb&nbsp;&raquo;<\/span><\/a><\/p>\n","protected":false},"author":1,"featured_media":0,"parent":0,"menu_order":0,"comment_status":"closed","ping_status":"closed","template":"","meta":[],"_links":{"self":[{"href":"https:\/\/bth-artiste.com\/index.php?rest_route=\/wp\/v2\/pages\/213"}],"collection":[{"href":"https:\/\/bth-artiste.com\/index.php?rest_route=\/wp\/v2\/pages"}],"about":[{"href":"https:\/\/bth-artiste.com\/index.php?rest_route=\/wp\/v2\/types\/page"}],"author":[{"embeddable":true,"href":"https:\/\/bth-artiste.com\/index.php?rest_route=\/wp\/v2\/users\/1"}],"replies":[{"embeddable":true,"href":"https:\/\/bth-artiste.com\/index.php?rest_route=%2Fwp%2Fv2%2Fcomments&post=213"}],"version-history":[{"count":10,"href":"https:\/\/bth-artiste.com\/index.php?rest_route=\/wp\/v2\/pages\/213\/revisions"}],"predecessor-version":[{"id":338,"href":"https:\/\/bth-artiste.com\/index.php?rest_route=\/wp\/v2\/pages\/213\/revisions\/338"}],"wp:attachment":[{"href":"https:\/\/bth-artiste.com\/index.php?rest_route=%2Fwp%2Fv2%2Fmedia&parent=213"}],"curies":[{"name":"wp","href":"https:\/\/api.w.org\/{rel}","templated":true}]}}