{"id":2,"date":"2019-09-07T15:14:47","date_gmt":"2019-09-07T13:14:47","guid":{"rendered":"http:\/\/bth-artiste.com\/?page_id=2"},"modified":"2021-04-16T12:38:01","modified_gmt":"2021-04-16T10:38:01","slug":"page-d-exemple","status":"publish","type":"page","link":"https:\/\/bth-artiste.com\/?page_id=2","title":{"rendered":"MA D\u00c9MARCHE"},"content":{"rendered":"\n<h2>La r\u00e9alit\u00e9 est per\u00e7ue diff\u00e9remment selon l&rsquo;espace et le temps qui nous s\u00e9parent d&rsquo;elle <\/h2>\n\n\n\n<hr class=\"wp-block-separator is-style-wide\"\/>\n\n\n\n<p>Ma peinture ne s\u2019interdit aucune influence, elle s\u2019inspire tout autant de l\u2019impressionnisme, de l\u2019abstraction que du street-art, elle est en permanente \u00e9volution.<br>En effet la remise en question de la facture et du message permet d\u2019ouvrir toujours plus de portes pour s\u2019adapter au langage du pr\u00e9sent. <br>Mais mon moteur restera toujours ce que Marcel Duchamp d\u00e9finit parfaitement ici, <strong>\u00ab C\u2019est le regardeur qui fait le tableau \u00bb<\/strong>. Mes tableaux ont ceci de commun qu\u2019ils sont d\u2019un r\u00e9alisme approximatif pour que le regardeur soit toujours actif. J\u2019int\u00e8gre dans ma fa\u00e7on de travailler une partie figurative et une autre floue voir abstraite. C\u2019est la seconde partie de l\u2019\u0153uvre que le regardeur s\u2019approprie pour projeter ses \u00e9motions et sa vision personnel. <br>\u00ab Je crois que l\u2019art est la seule forme d\u2019activit\u00e9 par laquelle l\u2019homme en tant que tel se manifeste comme v\u00e9ritable individu. Par elle seule, il peut d\u00e9passer le stade animal, parce que <strong>\u00ab l\u2019art est un d\u00e9bouch\u00e9 sur des r\u00e9gions o\u00f9 ne domine ni le temps, ni l\u2019espace. \u00bb<\/strong>.<br>Mon travail est a priori figuratif surtout de loin, mais en se rapprochant il devient de plus en plus abstrait. Ce travail permet de ressentir la r\u00e9alit\u00e9 diff\u00e9remment selon l\u2019espace et le temps qui nous s\u00e9parent d\u2019elle. C\u2019est cette double lecture qui rend ces \u0153uvres vivantes et \u00e9volutives. <em>Voir les photos en dessous.<\/em><\/p>\n\n\n\n<p>J\u2019ai toujours pens\u00e9 que la peinture n\u2019\u00e9tait pas une fin en soit. Elle a tout au long de l&rsquo;histoire servi la propagande politique et religieuse, cristallis\u00e9 et canalis\u00e9 l\u2019id\u00e9e qu&rsquo;on se faisait de nous et de nos dieux. Je persiste a penser qu\u2019elle peut de fa\u00e7on claire ou insidieuse \u00eatre encore un outil politique et philosophique.&nbsp;Mes sujets d\u2019inspirations sont&#8230;<br>&#8230;la soci\u00e9t\u00e9 de consommation \u00e0 laquelle nous vendons notre \u00e2me comme dans \u00ab\u00a0La Beaut\u00e9 du diable \u00bb (film de Ren\u00e9 Clair sorti en 1950).<br>&#8230;celui que l\u2019on nomme \u00ab l\u2019\u00e9tranger \u00bb (d&rsquo;Albert Camus paru en 1942).<br>&#8230;\u00abLe Deuxi\u00e8me Sexe\u00bb (Simone de Beauvoir 1949).<br>&#8230;une soci\u00e9t\u00e9 liberticide au nom du bien \u00eatre de l\u2019homme \u00ab Brazil \u00bb (film r\u00e9alis\u00e9 par Terry Gilliam en 1985).<br>Tous ces sujets aussi important les uns que les autres n\u2019en font qu\u2019un\u2026&nbsp;<br><strong>Ouvrons les consciences et trouvons la fa\u00e7on dont nous pourrions grandir.<\/strong><\/p>\n\n\n\n<hr class=\"wp-block-separator is-style-default\"\/>\n\n\n\n<figure class=\"wp-block-image size-large\"><img loading=\"lazy\" width=\"1024\" height=\"1017\" src=\"http:\/\/bth-artiste.com\/wp-content\/uploads\/2020\/12\/IMG_2883-copie-1024x1017.jpg\" alt=\"\" class=\"wp-image-288\" srcset=\"https:\/\/bth-artiste.com\/wp-content\/uploads\/2020\/12\/IMG_2883-copie-1024x1017.jpg 1024w, https:\/\/bth-artiste.com\/wp-content\/uploads\/2020\/12\/IMG_2883-copie-300x298.jpg 300w, https:\/\/bth-artiste.com\/wp-content\/uploads\/2020\/12\/IMG_2883-copie-150x150.jpg 150w, https:\/\/bth-artiste.com\/wp-content\/uploads\/2020\/12\/IMG_2883-copie-768x763.jpg 768w, https:\/\/bth-artiste.com\/wp-content\/uploads\/2020\/12\/IMG_2883-copie-100x100.jpg 100w, https:\/\/bth-artiste.com\/wp-content\/uploads\/2020\/12\/IMG_2883-copie.jpg 1134w\" sizes=\"(max-width: 767px) 89vw, (max-width: 1000px) 54vw, (max-width: 1071px) 543px, 580px\" \/><figcaption>Distance 8 m\u00e8tres <\/figcaption><\/figure>\n\n\n\n<hr class=\"wp-block-separator is-style-default\"\/>\n\n\n\n<figure class=\"wp-block-image\"><img loading=\"lazy\" width=\"1022\" height=\"1024\" src=\"http:\/\/bth-artiste.com\/wp-content\/uploads\/2020\/11\/IMG_9143-1022x1024.jpg\" alt=\"\" class=\"wp-image-189\" srcset=\"https:\/\/bth-artiste.com\/wp-content\/uploads\/2020\/11\/IMG_9143-1022x1024.jpg 1022w, https:\/\/bth-artiste.com\/wp-content\/uploads\/2020\/11\/IMG_9143-150x150.jpg 150w, https:\/\/bth-artiste.com\/wp-content\/uploads\/2020\/11\/IMG_9143-300x300.jpg 300w, https:\/\/bth-artiste.com\/wp-content\/uploads\/2020\/11\/IMG_9143-768x770.jpg 768w, https:\/\/bth-artiste.com\/wp-content\/uploads\/2020\/11\/IMG_9143-100x100.jpg 100w, https:\/\/bth-artiste.com\/wp-content\/uploads\/2020\/11\/IMG_9143.jpg 1417w\" sizes=\"(max-width: 767px) 89vw, (max-width: 1000px) 54vw, (max-width: 1071px) 543px, 580px\" \/><figcaption>Distance 3 m\u00e8tres<\/figcaption><\/figure>\n\n\n\n<hr class=\"wp-block-separator is-style-default\"\/>\n\n\n\n<figure class=\"wp-block-image\"><img loading=\"lazy\" width=\"1024\" height=\"768\" src=\"http:\/\/bth-artiste.com\/wp-content\/uploads\/2020\/11\/IMG_9145-1024x768.jpg\" alt=\"\" class=\"wp-image-190\" srcset=\"https:\/\/bth-artiste.com\/wp-content\/uploads\/2020\/11\/IMG_9145-1024x768.jpg 1024w, https:\/\/bth-artiste.com\/wp-content\/uploads\/2020\/11\/IMG_9145-300x225.jpg 300w, https:\/\/bth-artiste.com\/wp-content\/uploads\/2020\/11\/IMG_9145-768x576.jpg 768w, https:\/\/bth-artiste.com\/wp-content\/uploads\/2020\/11\/IMG_9145.jpg 1134w\" sizes=\"(max-width: 767px) 89vw, (max-width: 1000px) 54vw, (max-width: 1071px) 543px, 580px\" \/><figcaption>Devant <\/figcaption><\/figure>\n","protected":false},"excerpt":{"rendered":"<p>La r\u00e9alit\u00e9 est per\u00e7ue diff\u00e9remment selon l&rsquo;espace et le temps qui nous s\u00e9parent d&rsquo;elle Ma peinture ne s\u2019interdit aucune influence, elle s\u2019inspire tout autant de l\u2019impressionnisme, de l\u2019abstraction que du street-art, elle est en permanente \u00e9volution.En effet la remise en question de la facture et du message permet d\u2019ouvrir toujours plus de portes pour s\u2019adapter &hellip; <\/p>\n<p class=\"link-more\"><a href=\"https:\/\/bth-artiste.com\/?page_id=2\" class=\"more-link\">Continuer la lecture<span class=\"screen-reader-text\"> de &laquo;&nbsp;MA D\u00c9MARCHE&nbsp;&raquo;<\/span><\/a><\/p>\n","protected":false},"author":1,"featured_media":0,"parent":0,"menu_order":0,"comment_status":"closed","ping_status":"open","template":"","meta":[],"_links":{"self":[{"href":"https:\/\/bth-artiste.com\/index.php?rest_route=\/wp\/v2\/pages\/2"}],"collection":[{"href":"https:\/\/bth-artiste.com\/index.php?rest_route=\/wp\/v2\/pages"}],"about":[{"href":"https:\/\/bth-artiste.com\/index.php?rest_route=\/wp\/v2\/types\/page"}],"author":[{"embeddable":true,"href":"https:\/\/bth-artiste.com\/index.php?rest_route=\/wp\/v2\/users\/1"}],"replies":[{"embeddable":true,"href":"https:\/\/bth-artiste.com\/index.php?rest_route=%2Fwp%2Fv2%2Fcomments&post=2"}],"version-history":[{"count":21,"href":"https:\/\/bth-artiste.com\/index.php?rest_route=\/wp\/v2\/pages\/2\/revisions"}],"predecessor-version":[{"id":339,"href":"https:\/\/bth-artiste.com\/index.php?rest_route=\/wp\/v2\/pages\/2\/revisions\/339"}],"wp:attachment":[{"href":"https:\/\/bth-artiste.com\/index.php?rest_route=%2Fwp%2Fv2%2Fmedia&parent=2"}],"curies":[{"name":"wp","href":"https:\/\/api.w.org\/{rel}","templated":true}]}}