{"id":192,"date":"2020-11-15T14:19:16","date_gmt":"2020-11-15T13:19:16","guid":{"rendered":"http:\/\/bth-artiste.com\/?page_id=192"},"modified":"2021-04-16T12:31:01","modified_gmt":"2021-04-16T10:31:01","slug":"serie-pop-art","status":"publish","type":"page","link":"https:\/\/bth-artiste.com\/?page_id=192","title":{"rendered":"POP-ART \u00ab\u00a0PEINTURE\u00a0\u00bb"},"content":{"rendered":"\n<p>Dans cette s\u00e9rie, les tableaux jouent avec les objets les plus repr\u00e9sentatifs de la culture populaire. Tout droit sorties de notre enfance, ces images sugg\u00e8rent ici avec l\u00e9g\u00e8ret\u00e9, des sc\u00e8nes de la vie quotidienne, ou des ph\u00e9nom\u00e8nes de soci\u00e9t\u00e9. Peints principalement avec des couleurs vives et sur tout un enduit en b\u00e9ton, les tableaux vous donneront un sentiment de street-art. Et en vous rapprochant encore un peu plus, vous y trouverez un bonne dose d\u2019abstraction.<\/p>\n\n\n\n<hr class=\"wp-block-separator\"\/>\n\n\n\n<figure class=\"wp-block-image is-style-default\"><img loading=\"lazy\" width=\"1024\" height=\"1020\" src=\"http:\/\/bth-artiste.com\/wp-content\/uploads\/2020\/11\/IMG_9152-1024x1020.jpg\" alt=\"\" class=\"wp-image-159\" srcset=\"https:\/\/bth-artiste.com\/wp-content\/uploads\/2020\/11\/IMG_9152-1024x1020.jpg 1024w, https:\/\/bth-artiste.com\/wp-content\/uploads\/2020\/11\/IMG_9152-150x150.jpg 150w, https:\/\/bth-artiste.com\/wp-content\/uploads\/2020\/11\/IMG_9152-300x300.jpg 300w, https:\/\/bth-artiste.com\/wp-content\/uploads\/2020\/11\/IMG_9152-768x765.jpg 768w, https:\/\/bth-artiste.com\/wp-content\/uploads\/2020\/11\/IMG_9152-100x100.jpg 100w\" sizes=\"(max-width: 767px) 89vw, (max-width: 1000px) 54vw, (max-width: 1071px) 543px, 580px\" \/><figcaption><strong>\u00ab\u00a0Heure de pointe\u00a0\u00bb<\/strong>  <\/figcaption><\/figure>\n\n\n\n<hr class=\"wp-block-separator\"\/>\n\n\n\n<figure class=\"wp-block-image\"><img loading=\"lazy\" width=\"1020\" height=\"1024\" src=\"http:\/\/bth-artiste.com\/wp-content\/uploads\/2020\/11\/IMG_4957-1020x1024.jpg\" alt=\"\" class=\"wp-image-182\" srcset=\"https:\/\/bth-artiste.com\/wp-content\/uploads\/2020\/11\/IMG_4957-1020x1024.jpg 1020w, https:\/\/bth-artiste.com\/wp-content\/uploads\/2020\/11\/IMG_4957-150x150.jpg 150w, https:\/\/bth-artiste.com\/wp-content\/uploads\/2020\/11\/IMG_4957-300x300.jpg 300w, https:\/\/bth-artiste.com\/wp-content\/uploads\/2020\/11\/IMG_4957-768x771.jpg 768w, https:\/\/bth-artiste.com\/wp-content\/uploads\/2020\/11\/IMG_4957-100x100.jpg 100w, https:\/\/bth-artiste.com\/wp-content\/uploads\/2020\/11\/IMG_4957.jpg 1417w\" sizes=\"(max-width: 767px) 89vw, (max-width: 1000px) 54vw, (max-width: 1071px) 543px, 580px\" \/><figcaption><strong>\u00ab\u00a0L&rsquo;\u00e9tranger\u00a0\u00bb<\/strong><em> <\/em><\/figcaption><\/figure>\n\n\n\n<hr class=\"wp-block-separator\"\/>\n\n\n\n<figure class=\"wp-block-image\"><img loading=\"lazy\" width=\"1024\" height=\"1013\" src=\"http:\/\/bth-artiste.com\/wp-content\/uploads\/2020\/11\/IMG_9150-1024x1013.jpg\" alt=\"\" class=\"wp-image-158\" srcset=\"https:\/\/bth-artiste.com\/wp-content\/uploads\/2020\/11\/IMG_9150-1024x1013.jpg 1024w, https:\/\/bth-artiste.com\/wp-content\/uploads\/2020\/11\/IMG_9150-300x297.jpg 300w, https:\/\/bth-artiste.com\/wp-content\/uploads\/2020\/11\/IMG_9150-768x760.jpg 768w, https:\/\/bth-artiste.com\/wp-content\/uploads\/2020\/11\/IMG_9150-100x100.jpg 100w\" sizes=\"(max-width: 767px) 89vw, (max-width: 1000px) 54vw, (max-width: 1071px) 543px, 580px\" \/><figcaption><strong>  <\/strong><em><strong>\u201c Oups, j\u2019ai pas pu me retenir \u201d <\/strong><\/em><strong> <\/strong><\/figcaption><\/figure>\n\n\n\n<hr class=\"wp-block-separator\"\/>\n\n\n\n<figure class=\"wp-block-image\"><img loading=\"lazy\" width=\"850\" height=\"856\" src=\"http:\/\/bth-artiste.com\/wp-content\/uploads\/2020\/11\/IMG_9159-2.jpg\" alt=\"\" class=\"wp-image-202\" srcset=\"https:\/\/bth-artiste.com\/wp-content\/uploads\/2020\/11\/IMG_9159-2.jpg 850w, https:\/\/bth-artiste.com\/wp-content\/uploads\/2020\/11\/IMG_9159-2-150x150.jpg 150w, https:\/\/bth-artiste.com\/wp-content\/uploads\/2020\/11\/IMG_9159-2-298x300.jpg 298w, https:\/\/bth-artiste.com\/wp-content\/uploads\/2020\/11\/IMG_9159-2-768x773.jpg 768w, https:\/\/bth-artiste.com\/wp-content\/uploads\/2020\/11\/IMG_9159-2-100x100.jpg 100w\" sizes=\"(max-width: 767px) 89vw, (max-width: 1000px) 54vw, (max-width: 1071px) 543px, 580px\" \/><figcaption><em><strong>\u201c Connexion sous perfusion \u201d<\/strong> <\/em><\/figcaption><\/figure>\n\n\n\n<hr class=\"wp-block-separator\"\/>\n\n\n\n<figure class=\"wp-block-image size-large\"><img loading=\"lazy\" width=\"850\" height=\"850\" src=\"http:\/\/bth-artiste.com\/wp-content\/uploads\/2019\/09\/IMG_9146.jpg\" alt=\"\" class=\"wp-image-101\" srcset=\"https:\/\/bth-artiste.com\/wp-content\/uploads\/2019\/09\/IMG_9146.jpg 850w, https:\/\/bth-artiste.com\/wp-content\/uploads\/2019\/09\/IMG_9146-150x150.jpg 150w, https:\/\/bth-artiste.com\/wp-content\/uploads\/2019\/09\/IMG_9146-300x300.jpg 300w, https:\/\/bth-artiste.com\/wp-content\/uploads\/2019\/09\/IMG_9146-768x768.jpg 768w, https:\/\/bth-artiste.com\/wp-content\/uploads\/2019\/09\/IMG_9146-100x100.jpg 100w\" sizes=\"(max-width: 767px) 89vw, (max-width: 1000px) 54vw, (max-width: 1071px) 543px, 580px\" \/><figcaption><strong>\u00ab\u00a0pens\u00e9e unique\u00a0\u00bb<\/strong> <\/figcaption><\/figure>\n\n\n\n<hr class=\"wp-block-separator\"\/>\n\n\n\n<figure class=\"wp-block-image size-large\"><img loading=\"lazy\" width=\"1020\" height=\"1011\" src=\"http:\/\/bth-artiste.com\/wp-content\/uploads\/2020\/11\/IMG_9166-1.jpg\" alt=\"\" class=\"wp-image-204\" srcset=\"https:\/\/bth-artiste.com\/wp-content\/uploads\/2020\/11\/IMG_9166-1.jpg 1020w, https:\/\/bth-artiste.com\/wp-content\/uploads\/2020\/11\/IMG_9166-1-150x150.jpg 150w, https:\/\/bth-artiste.com\/wp-content\/uploads\/2020\/11\/IMG_9166-1-300x297.jpg 300w, https:\/\/bth-artiste.com\/wp-content\/uploads\/2020\/11\/IMG_9166-1-768x761.jpg 768w, https:\/\/bth-artiste.com\/wp-content\/uploads\/2020\/11\/IMG_9166-1-100x100.jpg 100w\" sizes=\"(max-width: 767px) 89vw, (max-width: 1000px) 54vw, (max-width: 1071px) 543px, 580px\" \/><figcaption><strong>\u00ab\u00a0<em>la chute des dinosaures<\/em>\u00ab\u00a0<\/strong> <\/figcaption><\/figure>\n\n\n\n<hr class=\"wp-block-separator\"\/>\n\n\n\n<figure class=\"wp-block-image size-large\"><img loading=\"lazy\" width=\"850\" height=\"863\" src=\"http:\/\/bth-artiste.com\/wp-content\/uploads\/2019\/09\/IMG_9163.jpg\" alt=\"\" class=\"wp-image-117\" srcset=\"https:\/\/bth-artiste.com\/wp-content\/uploads\/2019\/09\/IMG_9163.jpg 850w, https:\/\/bth-artiste.com\/wp-content\/uploads\/2019\/09\/IMG_9163-295x300.jpg 295w, https:\/\/bth-artiste.com\/wp-content\/uploads\/2019\/09\/IMG_9163-768x780.jpg 768w\" sizes=\"(max-width: 767px) 89vw, (max-width: 1000px) 54vw, (max-width: 1071px) 543px, 580px\" \/><figcaption><strong>\u00ab\u00a0<em>Parit\u00e9<\/em>\u00ab\u00a0<\/strong> <\/figcaption><\/figure>\n\n\n\n<hr class=\"wp-block-separator\"\/>\n\n\n\n<figure class=\"wp-block-image size-large\"><img loading=\"lazy\" width=\"1022\" height=\"1024\" src=\"http:\/\/bth-artiste.com\/wp-content\/uploads\/2020\/11\/IMG_9143-1022x1024.jpg\" alt=\"\" class=\"wp-image-189\" srcset=\"https:\/\/bth-artiste.com\/wp-content\/uploads\/2020\/11\/IMG_9143-1022x1024.jpg 1022w, https:\/\/bth-artiste.com\/wp-content\/uploads\/2020\/11\/IMG_9143-150x150.jpg 150w, https:\/\/bth-artiste.com\/wp-content\/uploads\/2020\/11\/IMG_9143-300x300.jpg 300w, https:\/\/bth-artiste.com\/wp-content\/uploads\/2020\/11\/IMG_9143-768x770.jpg 768w, https:\/\/bth-artiste.com\/wp-content\/uploads\/2020\/11\/IMG_9143-100x100.jpg 100w, https:\/\/bth-artiste.com\/wp-content\/uploads\/2020\/11\/IMG_9143.jpg 1417w\" sizes=\"(max-width: 767px) 89vw, (max-width: 1000px) 54vw, (max-width: 1071px) 543px, 580px\" \/><figcaption><strong>\u00ab\u00a0<em>Pourquoi moi ?<\/em>\u00ab\u00a0<\/strong> <\/figcaption><\/figure>\n\n\n\n<hr class=\"wp-block-separator\"\/>\n\n\n\n<figure class=\"wp-block-image size-large\"><img loading=\"lazy\" width=\"1024\" height=\"1024\" src=\"http:\/\/bth-artiste.com\/wp-content\/uploads\/2020\/12\/IMG_7216-1024x1024.jpg\" alt=\"\" class=\"wp-image-274\" srcset=\"https:\/\/bth-artiste.com\/wp-content\/uploads\/2020\/12\/IMG_7216-1024x1024.jpg 1024w, https:\/\/bth-artiste.com\/wp-content\/uploads\/2020\/12\/IMG_7216-300x300.jpg 300w, https:\/\/bth-artiste.com\/wp-content\/uploads\/2020\/12\/IMG_7216-150x150.jpg 150w, https:\/\/bth-artiste.com\/wp-content\/uploads\/2020\/12\/IMG_7216-768x767.jpg 768w, https:\/\/bth-artiste.com\/wp-content\/uploads\/2020\/12\/IMG_7216-100x100.jpg 100w, https:\/\/bth-artiste.com\/wp-content\/uploads\/2020\/12\/IMG_7216.jpg 1417w\" sizes=\"(max-width: 767px) 89vw, (max-width: 1000px) 54vw, (max-width: 1071px) 543px, 580px\" \/><figcaption><strong><em>\u00ab\u00a0Hello, what&rsquo;s your origin<\/em>\u00ab\u00a0<\/strong> <\/figcaption><\/figure>\n\n\n\n<hr class=\"wp-block-separator\"\/>\n\n\n\n<figure class=\"wp-block-image size-large\"><img loading=\"lazy\" width=\"1010\" height=\"1024\" src=\"http:\/\/bth-artiste.com\/wp-content\/uploads\/2020\/12\/IMG_5613-1010x1024.jpg\" alt=\"\" class=\"wp-image-275\" srcset=\"https:\/\/bth-artiste.com\/wp-content\/uploads\/2020\/12\/IMG_5613-1010x1024.jpg 1010w, https:\/\/bth-artiste.com\/wp-content\/uploads\/2020\/12\/IMG_5613-296x300.jpg 296w, https:\/\/bth-artiste.com\/wp-content\/uploads\/2020\/12\/IMG_5613-768x779.jpg 768w, https:\/\/bth-artiste.com\/wp-content\/uploads\/2020\/12\/IMG_5613-100x100.jpg 100w, https:\/\/bth-artiste.com\/wp-content\/uploads\/2020\/12\/IMG_5613.jpg 1397w\" sizes=\"(max-width: 767px) 89vw, (max-width: 1000px) 54vw, (max-width: 1071px) 543px, 580px\" \/><figcaption><em>\u00ab\u00a0<\/em><strong><em>KO<\/em>\u00a0\u00bb <\/strong><\/figcaption><\/figure>\n\n\n\n<hr class=\"wp-block-separator\"\/>\n\n\n\n<figure class=\"wp-block-image size-large\"><img loading=\"lazy\" width=\"1024\" height=\"1022\" src=\"http:\/\/bth-artiste.com\/wp-content\/uploads\/2020\/12\/IMG_9148-1024x1022.jpg\" alt=\"\" class=\"wp-image-279\" srcset=\"https:\/\/bth-artiste.com\/wp-content\/uploads\/2020\/12\/IMG_9148-1024x1022.jpg 1024w, https:\/\/bth-artiste.com\/wp-content\/uploads\/2020\/12\/IMG_9148-300x300.jpg 300w, https:\/\/bth-artiste.com\/wp-content\/uploads\/2020\/12\/IMG_9148-150x150.jpg 150w, https:\/\/bth-artiste.com\/wp-content\/uploads\/2020\/12\/IMG_9148-768x766.jpg 768w, https:\/\/bth-artiste.com\/wp-content\/uploads\/2020\/12\/IMG_9148-100x100.jpg 100w, https:\/\/bth-artiste.com\/wp-content\/uploads\/2020\/12\/IMG_9148.jpg 1417w\" sizes=\"(max-width: 767px) 89vw, (max-width: 1000px) 54vw, (max-width: 1071px) 543px, 580px\" \/><figcaption><em>\u00ab\u00a0M\u00e9tissage<\/em>\u00a0\u00bb <\/figcaption><\/figure>\n","protected":false},"excerpt":{"rendered":"<p>Dans cette s\u00e9rie, les tableaux jouent avec les objets les plus repr\u00e9sentatifs de la culture populaire. Tout droit sorties de notre enfance, ces images sugg\u00e8rent ici avec l\u00e9g\u00e8ret\u00e9, des sc\u00e8nes de la vie quotidienne, ou des ph\u00e9nom\u00e8nes de soci\u00e9t\u00e9. Peints principalement avec des couleurs vives et sur tout un enduit en b\u00e9ton, les tableaux vous &hellip; <\/p>\n<p class=\"link-more\"><a href=\"https:\/\/bth-artiste.com\/?page_id=192\" class=\"more-link\">Continuer la lecture<span class=\"screen-reader-text\"> de &laquo;&nbsp;POP-ART \u00ab\u00a0PEINTURE\u00a0\u00bb&nbsp;&raquo;<\/span><\/a><\/p>\n","protected":false},"author":1,"featured_media":0,"parent":0,"menu_order":0,"comment_status":"closed","ping_status":"closed","template":"","meta":[],"_links":{"self":[{"href":"https:\/\/bth-artiste.com\/index.php?rest_route=\/wp\/v2\/pages\/192"}],"collection":[{"href":"https:\/\/bth-artiste.com\/index.php?rest_route=\/wp\/v2\/pages"}],"about":[{"href":"https:\/\/bth-artiste.com\/index.php?rest_route=\/wp\/v2\/types\/page"}],"author":[{"embeddable":true,"href":"https:\/\/bth-artiste.com\/index.php?rest_route=\/wp\/v2\/users\/1"}],"replies":[{"embeddable":true,"href":"https:\/\/bth-artiste.com\/index.php?rest_route=%2Fwp%2Fv2%2Fcomments&post=192"}],"version-history":[{"count":17,"href":"https:\/\/bth-artiste.com\/index.php?rest_route=\/wp\/v2\/pages\/192\/revisions"}],"predecessor-version":[{"id":336,"href":"https:\/\/bth-artiste.com\/index.php?rest_route=\/wp\/v2\/pages\/192\/revisions\/336"}],"wp:attachment":[{"href":"https:\/\/bth-artiste.com\/index.php?rest_route=%2Fwp%2Fv2%2Fmedia&parent=192"}],"curies":[{"name":"wp","href":"https:\/\/api.w.org\/{rel}","templated":true}]}}