{"id":15,"date":"2019-09-07T15:51:44","date_gmt":"2019-09-07T13:51:44","guid":{"rendered":"http:\/\/bth-artiste.com\/?page_id=15"},"modified":"2021-04-19T18:11:42","modified_gmt":"2021-04-19T16:11:42","slug":"contact","status":"publish","type":"page","link":"https:\/\/bth-artiste.com\/?page_id=15","title":{"rendered":"BIOGRAPHIE"},"content":{"rendered":"\n<h2> La signature \u00ab\u00a0BTH\u00a0\u00bb est la contraction de mon nom de famille \u00ab\u00a0Berthaume\u00a0\u00bb<\/h2>\n\n\n\n<hr class=\"wp-block-separator is-style-wide\"\/>\n\n\n\n<p>La signature \u00abBTH\u00bb est la contraction de son nom de famille \u00abBerthaume\u00bb.<br>N\u00e9 en 1968 en r\u00e9gion parisienne. Mon parcours n&rsquo;a pas commenc\u00e9 sous les meilleurs auspices. Inadapt\u00e9 au syst\u00e8me scolaire, utilisant mon temps plut\u00f4t \u00e0 r\u00eaver et \u00e0 dessiner qu\u2019\u00e0 \u00e9tudier, je me suis r\u00e9fugi\u00e9 dans le sport qui a \u00e9t\u00e9 source d\u2019ouverture, de lien social et dans la peinture qui a \u00e9t\u00e9 mon moyen d&rsquo;expression. C\u2019est naturellement que je suis entr\u00e9 dans une \u00e9cole d\u2019art plastique parisienne \u00absornas\u00bb en 1983. J\u2019ai travaill\u00e9 dans divers emplois, \u00e0 dessiner des v\u00eatements ou \u00e0 cr\u00e9er des logos entre autre. Puis j\u2019ai trouv\u00e9 mon chemin dans la presse comme directeur artistique durant 24 ans. C\u2019est dans ce m\u00e9tier que j\u2018ai forg\u00e9 une solide exp\u00e9rience de l\u2019\u00e9quilibre des formes et des couleurs. Je n\u2019ai jamais vraiment l\u00e2ch\u00e9 le pinceau mais le temps ne m\u2019a pas permis de travailler suffisamment pour m\u2019affirmer et trouver mon chemin. Depuis 2017 j\u2019ai tout l\u00e2ch\u00e9 pour me consacrer essentiellement \u00e0 l\u2019art.<\/p>\n\n\n\n<hr class=\"wp-block-separator is-style-default\"\/>\n\n\n\n<figure class=\"wp-block-image\"><img loading=\"lazy\" width=\"1024\" height=\"1022\" src=\"http:\/\/bth-artiste.com\/wp-content\/uploads\/2019\/09\/FullSizeRender-1024x1022.jpg\" alt=\"\" class=\"wp-image-97\" srcset=\"https:\/\/bth-artiste.com\/wp-content\/uploads\/2019\/09\/FullSizeRender-1024x1022.jpg 1024w, https:\/\/bth-artiste.com\/wp-content\/uploads\/2019\/09\/FullSizeRender-150x150.jpg 150w, https:\/\/bth-artiste.com\/wp-content\/uploads\/2019\/09\/FullSizeRender-300x300.jpg 300w, https:\/\/bth-artiste.com\/wp-content\/uploads\/2019\/09\/FullSizeRender-768x767.jpg 768w, https:\/\/bth-artiste.com\/wp-content\/uploads\/2019\/09\/FullSizeRender-100x100.jpg 100w\" sizes=\"(max-width: 767px) 89vw, (max-width: 1000px) 54vw, (max-width: 1071px) 543px, 580px\" \/><figcaption>\u00ab\u00a0<strong>Yin\u00a0\u00bb <\/strong>vendu<\/figcaption><\/figure>\n\n\n\n<hr class=\"wp-block-separator is-style-default\"\/>\n\n\n\n<figure class=\"wp-block-image\"><img loading=\"lazy\" width=\"1024\" height=\"1010\" src=\"http:\/\/bth-artiste.com\/wp-content\/uploads\/2019\/09\/IMG_6658-1024x1010.jpg\" alt=\"\" class=\"wp-image-99\" srcset=\"https:\/\/bth-artiste.com\/wp-content\/uploads\/2019\/09\/IMG_6658-1024x1010.jpg 1024w, https:\/\/bth-artiste.com\/wp-content\/uploads\/2019\/09\/IMG_6658-300x296.jpg 300w, https:\/\/bth-artiste.com\/wp-content\/uploads\/2019\/09\/IMG_6658-768x758.jpg 768w, https:\/\/bth-artiste.com\/wp-content\/uploads\/2019\/09\/IMG_6658-100x100.jpg 100w\" sizes=\"(max-width: 767px) 89vw, (max-width: 1000px) 54vw, (max-width: 1071px) 543px, 580px\" \/><figcaption>\u00ab\u00a0<strong>Yang<\/strong>\u00a0\u00bb vendu<\/figcaption><\/figure>\n\n\n\n<hr class=\"wp-block-separator is-style-default\"\/>\n","protected":false},"excerpt":{"rendered":"<p>La signature \u00ab\u00a0BTH\u00a0\u00bb est la contraction de mon nom de famille \u00ab\u00a0Berthaume\u00a0\u00bb La signature \u00abBTH\u00bb est la contraction de son nom de famille \u00abBerthaume\u00bb.N\u00e9 en 1968 en r\u00e9gion parisienne. Mon parcours n&rsquo;a pas commenc\u00e9 sous les meilleurs auspices. Inadapt\u00e9 au syst\u00e8me scolaire, utilisant mon temps plut\u00f4t \u00e0 r\u00eaver et \u00e0 dessiner qu\u2019\u00e0 \u00e9tudier, je me &hellip; <\/p>\n<p class=\"link-more\"><a href=\"https:\/\/bth-artiste.com\/?page_id=15\" class=\"more-link\">Continuer la lecture<span class=\"screen-reader-text\"> de &laquo;&nbsp;BIOGRAPHIE&nbsp;&raquo;<\/span><\/a><\/p>\n","protected":false},"author":1,"featured_media":0,"parent":0,"menu_order":0,"comment_status":"closed","ping_status":"closed","template":"","meta":[],"_links":{"self":[{"href":"https:\/\/bth-artiste.com\/index.php?rest_route=\/wp\/v2\/pages\/15"}],"collection":[{"href":"https:\/\/bth-artiste.com\/index.php?rest_route=\/wp\/v2\/pages"}],"about":[{"href":"https:\/\/bth-artiste.com\/index.php?rest_route=\/wp\/v2\/types\/page"}],"author":[{"embeddable":true,"href":"https:\/\/bth-artiste.com\/index.php?rest_route=\/wp\/v2\/users\/1"}],"replies":[{"embeddable":true,"href":"https:\/\/bth-artiste.com\/index.php?rest_route=%2Fwp%2Fv2%2Fcomments&post=15"}],"version-history":[{"count":27,"href":"https:\/\/bth-artiste.com\/index.php?rest_route=\/wp\/v2\/pages\/15\/revisions"}],"predecessor-version":[{"id":341,"href":"https:\/\/bth-artiste.com\/index.php?rest_route=\/wp\/v2\/pages\/15\/revisions\/341"}],"wp:attachment":[{"href":"https:\/\/bth-artiste.com\/index.php?rest_route=%2Fwp%2Fv2%2Fmedia&parent=15"}],"curies":[{"name":"wp","href":"https:\/\/api.w.org\/{rel}","templated":true}]}}